{"id":1176,"date":"2023-04-02T17:54:02","date_gmt":"2023-04-02T17:54:02","guid":{"rendered":"https:\/\/quintadacancela.pt\/termos-e-condicoes-copy\/"},"modified":"2023-04-02T18:00:30","modified_gmt":"2023-04-02T18:00:30","slug":"politica-de-privacidade","status":"publish","type":"page","link":"https:\/\/quintadacancela.pt\/en\/politica-de-privacidade\/","title":{"rendered":"Pol\u00edtica De Privacidade"},"content":{"rendered":"<div id=\"fws_6a06f4b34e4c8\"  data-column-margin=\"default\" data-midnight=\"dark\"  class=\"wpb_row vc_row-fluid vc_row\"  style=\"padding-top: 0px; padding-bottom: 0px; \"><div class=\"row-bg-wrap\" data-bg-animation=\"none\" data-bg-animation-delay=\"\" data-bg-overlay=\"false\"><div class=\"inner-wrap row-bg-layer\" ><div class=\"row-bg viewport-desktop\"  style=\"\"><\/div><\/div><\/div><div class=\"row_col_wrap_12 col span_12 dark left\">\n\t<div  class=\"vc_col-sm-12 wpb_column column_container vc_column_container col no-extra-padding inherit_tablet inherit_phone\"  data-padding-pos=\"all\" data-has-bg-color=\"false\" data-bg-color=\"\" data-bg-opacity=\"1\" data-animation=\"\" data-delay=\"0\" >\n\t\t<div class=\"vc_column-inner\" >\n\t\t\t<div class=\"wpb_wrapper\">\n\t\t\t\t\n<div class=\"wpb_text_column wpb_content_element\" >\n\t<div class=\"wpb_wrapper\">\n\t\t<p style=\"font-weight: 400;\"><b><strong>POL\u00cdTICA DE PRIVACIDADE E PROTE\u00c7\u00c3O DE DADOS<\/strong><\/b><\/p>\n<p style=\"font-weight: 400;\">Pedimos que leia atentamente esta Pol\u00edtica de Privacidade pois, ao aceder ao nosso website e ao disponibilizar os seus dados pessoais no mesmo, assumimos que tem conhecimento desta declara\u00e7\u00e3o e que aceita as condi\u00e7\u00f5es nela constantes.<\/p>\n<p style=\"font-weight: 400;\">Esta Pol\u00edtica de Privacidade diz respeito, em exclusividade, \u00e0 recolha e tratamento de dados pessoais efetuados por n\u00f3s, Quinta da Cancela. Se se deparar com outra hiperliga\u00e7\u00e3o para um endere\u00e7o externo, saiba que esse endere\u00e7o n\u00e3o se encontra abrangido pela presente declara\u00e7\u00e3o.<\/p>\n<p style=\"font-weight: 400;\"><b><strong>TRATAMENTO DE DADOS PESSOAIS<\/strong><\/b><\/p>\n<p style=\"font-weight: 400;\">Dados pessoais s\u00e3o considerados toda e qualquer informa\u00e7\u00e3o, independentemente da sua natureza e\/ou suporte (som, imagem, etc.), relativa a uma pessoa singular identificada ou identific\u00e1vel por um nome, n\u00famero de identifica\u00e7\u00e3o, dados de localiza\u00e7\u00e3o, identificadores por via eletr\u00f3nica ou a um ou mais elementos espec\u00edficos da sua identidade, seja ela f\u00edsica, fisiol\u00f3gica, gen\u00e9tica, mental, econ\u00f3mica, cultural ou social.<\/p>\n<p style=\"font-weight: 400;\">Sempre que o utilizador nos forne\u00e7a dados sens\u00edveis, seja no cumprimento de uma obriga\u00e7\u00e3o legal ou por iniciativa pr\u00f3pria, assumimos o seu consentimento expl\u00edcito, volunt\u00e1rio e inequ\u00edvoco para tratarmos essa informa\u00e7\u00e3o relativamente \u00e0s finalidades para as quais foram fornecidas.<\/p>\n<p style=\"font-weight: 400;\"><b><strong>RESPONS\u00c1VEL PELO TRATAMENTO DE DADOS<\/strong><\/b><\/p>\n<p style=\"font-weight: 400;\">A entidade respons\u00e1vel pela recolha de dados e, posteriormente, pelo seu tratamento \u00e9 a Quinta da Cancela que, dependendo do contexto, decide quais os dados a recolher, quais os meios de tratamento a utilizar para esses dados e para que finalidade ser\u00e3o utilizados.<\/p>\n<p style=\"font-weight: 400;\"><b><strong>TIPO\u00a0DE DADOS PESSOAIS RECOLHIDOS<\/strong><\/b><\/p>\n<p style=\"font-weight: 400;\">A Quinta da Cancela procede \u00e0 recolha e tratamento dos seus dados apenas para fins estritamente ligados ao uso do seu website e servi\u00e7os, nomeadamente, quando executa uma compra de produtos vendidos na loja online, quando solicita a assist\u00eancia do servi\u00e7o ao cliente, quando subscreve as nossas newsletters e sempre que grava um endere\u00e7o de entrega.<\/p>\n<p style=\"font-weight: 400;\">Os dados pessoais recolhidos s\u00e3o tratados informaticamente, cumprindo sempre estritamente a legisla\u00e7\u00e3o de prote\u00e7\u00e3o de dados pessoais. Como tal, s\u00e3o armazenados em bases de dados espec\u00edficas que garantem a seguran\u00e7a e confidencialidade dos mesmos, de forma a garantir a sua prote\u00e7\u00e3o contra percas, altera\u00e7\u00f5es, destrui\u00e7\u00e3o ou uso indevido. Desta forma, podemos garantir que os dados recolhidos n\u00e3o sejam utilizados para outros fins que n\u00e3o aqueles para os quais o utilizador deu o seu consentimento.<\/p>\n<p style=\"font-weight: 400;\"><b><strong>DIVULGA\u00c7\u00c3O DOS SEUS\u00a0DADOS PESSOAIS<\/strong><\/b><\/p>\n<p style=\"font-weight: 400;\">Os seus dados poder\u00e3o ser divulgados a terceiros que prestem servi\u00e7os espec\u00edficos \u00e0 Quinta da Cancela, como por exemplo as empresas de transporte. Toda e qualquer divulga\u00e7\u00e3o ser\u00e1 realizada com a garantia de que n\u00e3o ser\u00e1 ultrapassado o prop\u00f3sito para o qual os seus dados pessoais foram recolhidos.<\/p>\n<p style=\"font-weight: 400;\">Adicionalmente, os seus dados poder\u00e3o ser divulgados a terceiros para: cumprir leis aplic\u00e1veis, responder a inqu\u00e9ritos judiciais e governamentais, estar em conformidade com processos legais v\u00e1lidos, proteger os direitos ou propriedade da Quinta da Cancela.<\/p>\n<p style=\"font-weight: 400;\">No caso de necessidade de divulga\u00e7\u00e3o dos seus dados a terceiros, saiba que n\u00e3o o faremos sem primeiramente o informar e sem o seu expresso consentimento, quando este for exigido por lei, exceto nos casos previstos neste documento.<\/p>\n<p style=\"font-weight: 400;\"><b><strong>FINALIDADE DO TRATAMENTO DE DADOS<\/strong><\/b><\/p>\n<p style=\"font-weight: 400;\">A finalidade dos dados pessoais recolhidos ser\u00e1 para efeitos de processamento e gest\u00e3o de encomendas, comunica\u00e7\u00e3o com o cliente por via telef\u00f3nica ou atrav\u00e9s de correio eletr\u00f3nico, processamento de pedidos de informa\u00e7\u00e3o e, eventualmente, de reclama\u00e7\u00f5es, bem como a divulga\u00e7\u00e3o de campanhas e promo\u00e7\u00f5es via email marketing.<\/p>\n<p style=\"font-weight: 400;\">Aquando da recolha de dados poder-lhe-\u00e3o ser prestadas informa\u00e7\u00f5es mais detalhadas em rela\u00e7\u00e3o \u00e0 utiliza\u00e7\u00e3o que iremos dar aos seus dados. Se, eventualmente, os seus dados estiverem por n\u00f3s a ser utilizados para lhe fornecer informa\u00e7\u00e3o que n\u00e3o considera relevante ou n\u00e3o tem interesse em receber, \u00e9-lhe sempre permitido manifestar a sua vontade em deixar de receber esse tipo de informa\u00e7\u00e3o. Poder\u00e1 faz\u00ea-lo atrav\u00e9s do seguinte email: <a href=\"mailto:info@quintadacancela.com\">info@quintadacancela.com<\/a><\/p>\n<p style=\"font-weight: 400;\">Os dados recolhidos poder\u00e3o tamb\u00e9m ser utilizados para outros fins relacionados com atividades de marketing como, por exemplo, a compila\u00e7\u00e3o de dados estat\u00edsticos, m\u00e9tricas e elementos sobre tend\u00eancias generalizadas que permitam a otimiza\u00e7\u00e3o de campanhas publicit\u00e1rias ou para outros fins de marketing, promocionais e de an\u00e1lise.<\/p>\n<p style=\"font-weight: 400;\"><b><strong>TEMPO DE CONSERVA\u00c7\u00c3O DOS\u00a0DADOS<\/strong><\/b><\/p>\n<p style=\"font-weight: 400;\">Os dados s\u00e3o armazenados durante diferentes per\u00edodos de tempo, sendo que esse per\u00edodo \u00e9 definido de acordo com a finalidade para a qual os dados foram obtidos e de acordo com as obriga\u00e7\u00f5es e requisitos legais eventualmente aplic\u00e1veis, para os quais seja necess\u00e1rio conservar esses dados por um per\u00edodo de tempo m\u00ednimo.<\/p>\n<p style=\"font-weight: 400;\">Desta forma, podemos garantir que, desde que n\u00e3o exista uma obriga\u00e7\u00e3o legal espec\u00edfica, os dados ser\u00e3o armazenados e conservados apenas pelo per\u00edodo m\u00ednimo de tempo necess\u00e1rio para a finalidade com que foram recolhidos e tratados. Ap\u00f3s este per\u00edodo de tempo, os dados ser\u00e3o eliminados da nossa base de dados.<\/p>\n<p style=\"font-weight: 400;\">Relembramos tamb\u00e9m que, se assim entender, poder\u00e1 solicitar a qualquer momento que todos os seus dados pessoais sejam eliminados dessa base de dados. Para tal, basta que nos envie um email com essa solicita\u00e7\u00e3o para: <a href=\"mailto:info@quintadacancela.com\">info@quintadacancela.com<\/a><\/p>\n<p style=\"font-weight: 400;\"><b><strong>ACESSO, ATUALIZA\u00c7\u00c3O, RETIFICA\u00c7\u00c3O, OPOSI\u00c7\u00c3O, LIMITA\u00c7\u00c3O, REMO\u00c7\u00c3O E PORTABILIDADE DOS DADOS PESSOAIS<\/strong><\/b><\/p>\n<p style=\"font-weight: 400;\">De acordo com o disposto no cap\u00edtulo III do Regulamento Geral da Prote\u00e7\u00e3o de Dados, qualquer pedido de acesso, atualiza\u00e7\u00e3o, retifica\u00e7\u00e3o, oposi\u00e7\u00e3o, limita\u00e7\u00e3o, remo\u00e7\u00e3o, portabilidade ou n\u00e3o sujei\u00e7\u00e3o a decis\u00f5es individuais automatizadas dos dados pessoais que o possam identificar, pode ser requerido, enviando o pedido para o email\u00a0<a href=\"http:\/\/info@quintadacancela.com\">info@quintadacancela.com<\/a><\/p>\n<p style=\"font-weight: 400;\"><b><strong>COOKIES<\/strong><\/b><\/p>\n<p style=\"font-weight: 400;\">Para tornarmos a sua navega\u00e7\u00e3o no nosso website mais eficiente e otimizarmos os nossos servi\u00e7os de forma a conseguirmos dar resposta \u00e0s suas necessidades e prefer\u00eancias, utilizamos Cookies no nosso website.<\/p>\n<p style=\"font-weight: 400;\">Os Cookies utilizados n\u00e3o identificam individualmente o utilizador e, dessa forma, n\u00e3o constituem uma ferramenta de recolha de dados pessoais e a sua instala\u00e7\u00e3o pode ser sempre controlada atrav\u00e9s do browser que esteja a utilizar para a pesquisa do nosso website.<\/p>\n<p style=\"font-weight: 400;\">A aceita\u00e7\u00e3o do uso de cookies no nosso website \u00e9 necess\u00e1ria para tirar total partido dos muitos recursos e servi\u00e7os que l\u00e1 oferecemos, incluindo a compra de produtos. Se configurar o seu browser para bloquear ou apagar as cookies, n\u00e3o podemos garantir total acesso a todos esses recursos e servi\u00e7os. Por exemplo, o computador pode n\u00e3o ser capaz de exibir a imagem do produto que est\u00e1 a tentar adquirir, porque uma das fun\u00e7\u00f5es das cookies \u00e9 ajudar na navega\u00e7\u00e3o em cat\u00e1logo.<\/p>\n<p style=\"font-weight: 400;\"><b><strong>ALTERA\u00c7\u00d5ES \u00c0 POL\u00cdTICA DE PRIVACIDADE<\/strong><\/b><\/p>\n<p style=\"font-weight: 400;\">A Quinta da Cancela reserva-se no direito de alterar ou atualizar a qualquer momento, sem aviso pr\u00e9vio e com efeitos imediatos, mas sem preju\u00edzo dos direitos legais conferidos aos utilizadores titulares de dados, a presente Pol\u00edtica de privacidade.<\/p>\n<p style=\"font-weight: 400;\">Todas as altera\u00e7\u00f5es e atualiza\u00e7\u00f5es entrar\u00e3o em vigor ap\u00f3s a sua publica\u00e7\u00e3o nesta p\u00e1gina do website, pelo que recomendamos uma visita peri\u00f3dica \u00e0 mesma, para ficar a par de todas as mudan\u00e7as registadas.<\/p>\n<p style=\"font-weight: 400;\">Esta Declara\u00e7\u00e3o de Pol\u00edtica de Privacidade foi atualizada pela \u00faltima vez em Abril de 2023.<\/p>\n\t<\/div>\n<\/div>\n\n\n\n\n\t\t\t<\/div> \n\t\t<\/div>\n\t<\/div> \n<\/div><\/div>","protected":false},"excerpt":{"rendered":"POL\u00cdTICA DE PRIVACIDADE E PROTE\u00c7\u00c3O DE DADOS Pedimos que leia atentamente esta Pol\u00edtica de Privacidade pois, ao aceder ao nosso website e ao disponibilizar os seus dados pessoais no mesmo,...","protected":false},"author":1,"featured_media":0,"parent":0,"menu_order":0,"comment_status":"closed","ping_status":"closed","template":"","meta":{"footnotes":"","_joinchat":[]},"_links":{"self":[{"href":"https:\/\/quintadacancela.pt\/en\/wp-json\/wp\/v2\/pages\/1176"}],"collection":[{"href":"https:\/\/quintadacancela.pt\/en\/wp-json\/wp\/v2\/pages"}],"about":[{"href":"https:\/\/quintadacancela.pt\/en\/wp-json\/wp\/v2\/types\/page"}],"author":[{"embeddable":true,"href":"https:\/\/quintadacancela.pt\/en\/wp-json\/wp\/v2\/users\/1"}],"replies":[{"embeddable":true,"href":"https:\/\/quintadacancela.pt\/en\/wp-json\/wp\/v2\/comments?post=1176"}],"version-history":[{"count":2,"href":"https:\/\/quintadacancela.pt\/en\/wp-json\/wp\/v2\/pages\/1176\/revisions"}],"predecessor-version":[{"id":1178,"href":"https:\/\/quintadacancela.pt\/en\/wp-json\/wp\/v2\/pages\/1176\/revisions\/1178"}],"wp:attachment":[{"href":"https:\/\/quintadacancela.pt\/en\/wp-json\/wp\/v2\/media?parent=1176"}],"curies":[{"name":"wp","href":"https:\/\/api.w.org\/{rel}","templated":true}]}}