{"id":398,"date":"2021-04-22T09:49:02","date_gmt":"2021-04-22T09:49:02","guid":{"rendered":"https:\/\/quintadacancela.pt\/?post_type=product&#038;p=398"},"modified":"2026-03-16T16:37:55","modified_gmt":"2026-03-16T16:37:55","slug":"infusao-de-cidreira-da-cancela","status":"publish","type":"product","link":"https:\/\/quintadacancela.pt\/en\/product\/infusao-de-cidreira-da-cancela\/","title":{"rendered":"Infus\u00e3o de Cidreira da Cancela"},"content":{"rendered":"","protected":false},"excerpt":{"rendered":"<p>Cidreira Selvagem, sem quimicos, aditivos ou conservantes, Apanhada \u00e0 m\u00e3o, seca ao sol; Uma infus\u00e3o sa\u00fad\u00e1vel, com beneficios multiplos para o seu bem estar.<\/p>","protected":false},"featured_media":399,"comment_status":"open","ping_status":"closed","template":"","meta":{"_joinchat":[]},"product_cat":[23],"product_tag":[],"_links":{"self":[{"href":"https:\/\/quintadacancela.pt\/en\/wp-json\/wp\/v2\/product\/398"}],"collection":[{"href":"https:\/\/quintadacancela.pt\/en\/wp-json\/wp\/v2\/product"}],"about":[{"href":"https:\/\/quintadacancela.pt\/en\/wp-json\/wp\/v2\/types\/product"}],"replies":[{"embeddable":true,"href":"https:\/\/quintadacancela.pt\/en\/wp-json\/wp\/v2\/comments?post=398"}],"wp:featuredmedia":[{"embeddable":true,"href":"https:\/\/quintadacancela.pt\/en\/wp-json\/wp\/v2\/media\/399"}],"wp:attachment":[{"href":"https:\/\/quintadacancela.pt\/en\/wp-json\/wp\/v2\/media?parent=398"}],"wp:term":[{"taxonomy":"product_cat","embeddable":true,"href":"https:\/\/quintadacancela.pt\/en\/wp-json\/wp\/v2\/product_cat?post=398"},{"taxonomy":"product_tag","embeddable":true,"href":"https:\/\/quintadacancela.pt\/en\/wp-json\/wp\/v2\/product_tag?post=398"}],"curies":[{"name":"wp","href":"https:\/\/api.w.org\/{rel}","templated":true}]}}