{"id":405,"date":"2021-04-22T09:58:11","date_gmt":"2021-04-22T09:58:11","guid":{"rendered":"https:\/\/quintadacancela.pt\/?post_type=product&#038;p=405"},"modified":"2026-03-16T16:36:33","modified_gmt":"2026-03-16T16:36:33","slug":"sunset-happy-hour-rose-sushi","status":"publish","type":"product","link":"https:\/\/quintadacancela.pt\/en\/product\/sunset-happy-hour-rose-sushi\/","title":{"rendered":"Sunset Happy Hour &#8211; Ros\u00e9 \/Sushi"},"content":{"rendered":"","protected":false},"excerpt":{"rendered":"<p>Uma Garrafa de Ros\u00e9, 24 pe\u00e7as Sushi; Min 2 pessoas; Pre\u00e7o por pessoa<\/p>","protected":false},"featured_media":406,"comment_status":"open","ping_status":"closed","template":"","meta":{"_joinchat":[]},"product_cat":[24],"product_tag":[],"_links":{"self":[{"href":"https:\/\/quintadacancela.pt\/en\/wp-json\/wp\/v2\/product\/405"}],"collection":[{"href":"https:\/\/quintadacancela.pt\/en\/wp-json\/wp\/v2\/product"}],"about":[{"href":"https:\/\/quintadacancela.pt\/en\/wp-json\/wp\/v2\/types\/product"}],"replies":[{"embeddable":true,"href":"https:\/\/quintadacancela.pt\/en\/wp-json\/wp\/v2\/comments?post=405"}],"wp:featuredmedia":[{"embeddable":true,"href":"https:\/\/quintadacancela.pt\/en\/wp-json\/wp\/v2\/media\/406"}],"wp:attachment":[{"href":"https:\/\/quintadacancela.pt\/en\/wp-json\/wp\/v2\/media?parent=405"}],"wp:term":[{"taxonomy":"product_cat","embeddable":true,"href":"https:\/\/quintadacancela.pt\/en\/wp-json\/wp\/v2\/product_cat?post=405"},{"taxonomy":"product_tag","embeddable":true,"href":"https:\/\/quintadacancela.pt\/en\/wp-json\/wp\/v2\/product_tag?post=405"}],"curies":[{"name":"wp","href":"https:\/\/api.w.org\/{rel}","templated":true}]}}