{"id":382,"date":"2021-04-22T09:30:24","date_gmt":"2021-04-22T09:30:24","guid":{"rendered":"https:\/\/quintadacancela.pt\/?post_type=product&#038;p=382"},"modified":"2026-03-16T16:39:45","modified_gmt":"2026-03-16T16:39:45","slug":"pimentos-da-horta-em-conserva","status":"publish","type":"product","link":"https:\/\/quintadacancela.pt\/es\/product\/pimentos-da-horta-em-conserva\/","title":{"rendered":"Pimentos da Horta em conserva"},"content":{"rendered":"","protected":false},"excerpt":{"rendered":"<p>Pimentos Verdes e Vermelhos em &#8220;brine&#8221;, uma mistura de \u00e1gua, vinagre e sal; S\u00f3 o sal \u00e9 que n\u00e3o \u00e9 produzido na Quinta da Cancela !<\/p>","protected":false},"featured_media":383,"comment_status":"open","ping_status":"closed","template":"","meta":{"_joinchat":[]},"product_cat":[22],"product_tag":[],"_links":{"self":[{"href":"https:\/\/quintadacancela.pt\/es\/wp-json\/wp\/v2\/product\/382"}],"collection":[{"href":"https:\/\/quintadacancela.pt\/es\/wp-json\/wp\/v2\/product"}],"about":[{"href":"https:\/\/quintadacancela.pt\/es\/wp-json\/wp\/v2\/types\/product"}],"replies":[{"embeddable":true,"href":"https:\/\/quintadacancela.pt\/es\/wp-json\/wp\/v2\/comments?post=382"}],"wp:featuredmedia":[{"embeddable":true,"href":"https:\/\/quintadacancela.pt\/es\/wp-json\/wp\/v2\/media\/383"}],"wp:attachment":[{"href":"https:\/\/quintadacancela.pt\/es\/wp-json\/wp\/v2\/media?parent=382"}],"wp:term":[{"taxonomy":"product_cat","embeddable":true,"href":"https:\/\/quintadacancela.pt\/es\/wp-json\/wp\/v2\/product_cat?post=382"},{"taxonomy":"product_tag","embeddable":true,"href":"https:\/\/quintadacancela.pt\/es\/wp-json\/wp\/v2\/product_tag?post=382"}],"curies":[{"name":"wp","href":"https:\/\/api.w.org\/{rel}","templated":true}]}}